{"id":627,"date":"2021-11-10T09:23:26","date_gmt":"2021-11-10T08:23:26","guid":{"rendered":"https:\/\/www.feinwerk-group.com\/carriere\/"},"modified":"2025-05-20T14:18:09","modified_gmt":"2025-05-20T12:18:09","slug":"carriere","status":"publish","type":"page","link":"https:\/\/www.feinwerk-group.com\/fr\/carriere\/","title":{"rendered":"Carri\u00e8re"},"content":{"rendered":"<p>[et_pb_section fb_built=&#8221;1&#8243; _builder_version=&#8221;4.16&#8243; background_image=&#8221;https:\/\/www.feinwerk-group.com\/wp-content\/uploads\/2021\/11\/csm_karriere-kautz-technologies_5a6753e10b.jpg&#8221; min_height=&#8221;400px&#8221; global_colors_info=&#8221;{}&#8221;][\/et_pb_section][et_pb_section fb_built=&#8221;1&#8243; _builder_version=&#8221;4.16&#8243; _module_preset=&#8221;default&#8221; background_enable_color=&#8221;off&#8221; background_image=&#8221;https:\/\/www.feinwerk-group.com\/wp-content\/uploads\/2021\/11\/kreuzstriche.png&#8221; background_size=&#8221;initial&#8221; background_repeat=&#8221;repeat&#8221; custom_padding=&#8221;||0px||false|false&#8221; global_colors_info=&#8221;{}&#8221;][et_pb_row _builder_version=&#8221;4.16&#8243; _module_preset=&#8221;default&#8221; min_height=&#8221;194.2px&#8221; custom_margin=&#8221;||||false|false&#8221; custom_padding=&#8221;||0px|||&#8221; global_colors_info=&#8221;{}&#8221;][et_pb_column type=&#8221;4_4&#8243; _builder_version=&#8221;4.16&#8243; _module_preset=&#8221;default&#8221; global_colors_info=&#8221;{}&#8221;][et_pb_text _builder_version=&#8221;4.16&#8243; _module_preset=&#8221;default&#8221; custom_margin=&#8221;||-1px|||&#8221; custom_padding=&#8221;||27px|||&#8221; global_colors_info=&#8221;{}&#8221;]<\/p>\n<div class=\"frame frame-type-text frame-layout-0\" id=\"c1246\">\n<h1 class=\"\">Planifiez votre carri\u00e8re avec nous<\/h1>\n<p>Vous \u00eates \u00e0 la recherche de nouveaux d\u00e9fis ? Avec des t\u00e2ches quotidiennes passionnantes autour de la construction d&#8217;installations, de la technique d&#8217;aci\u00e9rie, de l&#8217;usinage CNC &amp; des v\u00e9rins hydrauliques, le travail quotidien chez Feinwerk Technologies n&#8217;est jamais ennuyeux. Nous comptons parmi nos clients des entreprises renomm\u00e9es de l&#8217;industrie automobile, de la sid\u00e9rurgie ou de la technique de creusement de tunnels. En tant que PME \u00e0 la hi\u00e9rarchie horizontale, nous vous proposons un emploi attrayant au sein de notre \u00e9quipe Feinwerk. Nous attendons avec impatience votre candidature !<\/p>\n<\/div>\n<p>[\/et_pb_text][et_pb_divider color=&#8221;rgba(0,0,0,0.1)&#8221; _builder_version=&#8221;4.16&#8243; _module_preset=&#8221;default&#8221; custom_margin=&#8221;||||false|false&#8221; custom_padding=&#8221;||0px|||&#8221; global_colors_info=&#8221;{}&#8221;][\/et_pb_divider][\/et_pb_column][\/et_pb_row][et_pb_row column_structure=&#8221;1_3,1_3,1_3&#8243; _builder_version=&#8221;4.16&#8243; _module_preset=&#8221;default&#8221; custom_padding=&#8221;||||false|false&#8221; global_colors_info=&#8221;{}&#8221;][et_pb_column type=&#8221;1_3&#8243; _builder_version=&#8221;4.16&#8243; _module_preset=&#8221;default&#8221; global_colors_info=&#8221;{}&#8221;][et_pb_text _builder_version=&#8221;4.16&#8243; _module_preset=&#8221;default&#8221; global_colors_info=&#8221;{}&#8221;]<\/p>\n<div class=\" d-block col-12 d-sm-block col-sm-12 d-md-block col-md-4 d-lg-block col-lg-4 d-xl-block col-xl-4 colindex-0\">\n<div class=\"frame frame-type-textpic frame-layout-0\" id=\"c1250\">\n<h3 class=\"\">\u00c9tudes et formation<\/h3>\n<div class=\"ce-textpic ce-left ce-above\">\n<div class=\"ce-bodytext\">\n<p>Commencez votre vie professionnelle avec nous. Nous vous offrons les meilleures bases pour votre r\u00e9ussite personnelle et professionnelle dans la vie future. Outre la formation dans le domaine technique\/commercial, il est \u00e9galement possible de suivre des \u00e9tudes en alternance dans un \u00e9tablissement d&#8217;enseignement sup\u00e9rieur.<\/p>\n<\/div>\n<\/div>\n<\/div>\n<\/div>\n<p>[\/et_pb_text][\/et_pb_column][et_pb_column type=&#8221;1_3&#8243; _builder_version=&#8221;4.16&#8243; _module_preset=&#8221;default&#8221; global_colors_info=&#8221;{}&#8221;][et_pb_text _builder_version=&#8221;4.16&#8243; _module_preset=&#8221;default&#8221; global_colors_info=&#8221;{}&#8221;]<\/p>\n<div class=\" d-block col-12 d-sm-block col-sm-12 d-md-block col-md-4 d-lg-block col-lg-4 d-xl-block col-xl-4 colindex-1\">\n<div class=\"frame frame-type-text frame-layout-0\" id=\"c1252\">\n<h3 class=\"\">Stage<\/h3>\n<p>Approfondissez les connaissances que vous avez d\u00e9j\u00e0 acquises \u00e0 l&#8217;\u00e9cole ou pendant vos \u00e9tudes en effectuant un stage chez nous. Des activit\u00e9s vari\u00e9es vous attendent chez nous. Vous pouvez effectuer chez nous un stage scolaire ainsi qu&#8217;un semestre pratique dans le cadre de vos \u00e9tudes.<\/p>\n<\/div>\n<\/div>\n<p>[\/et_pb_text][\/et_pb_column][et_pb_column type=&#8221;1_3&#8243; _builder_version=&#8221;4.16&#8243; _module_preset=&#8221;default&#8221; global_colors_info=&#8221;{}&#8221;][et_pb_text _builder_version=&#8221;4.16&#8243; _module_preset=&#8221;default&#8221; global_colors_info=&#8221;{}&#8221;]<\/p>\n<div class=\" d-block col-12 d-sm-block col-sm-12 d-md-block col-md-4 d-lg-block col-lg-4 d-xl-block col-xl-4 colindex-2\">\n<div class=\"frame frame-type-text frame-layout-0\" id=\"c1253\">\n<h3 class=\"\">Sp\u00e9cialiste<\/h3>\n<p>Vous \u00eates un professionnel engag\u00e9 avec une exp\u00e9rience professionnelle dans la construction d&#8217;installations ? Nous vous offrons de nombreuses possibilit\u00e9s de d\u00e9veloppement et d&#8217;\u00e9panouissement. Dans le cadre de votre plan de carri\u00e8re, nous vous apportons en outre un soutien actif en mati\u00e8re de formation continue et de perfectionnement.<\/p>\n<\/div>\n<\/div>\n<p>[\/et_pb_text][\/et_pb_column][\/et_pb_row][\/et_pb_section][et_pb_section fb_built=&#8221;1&#8243; _builder_version=&#8221;4.27.4&#8243; use_background_color_gradient=&#8221;on&#8221; background_color_gradient_stops=&#8221;rgba(20,20,20,0.5) 0%|rgba(20,20,20,0.5) 100%&#8221; background_color_gradient_start=&#8221;rgba(20,20,20,0.5)&#8221; background_color_gradient_end=&#8221;rgba(20,20,20,0.5)&#8221; background_image=&#8221;https:\/\/www.feinwerk-group.com\/wp-content\/uploads\/2021\/11\/sondermaschinen-kautz-technologies.jpg&#8221; background_blend=&#8221;multiply&#8221; custom_margin=&#8221;||||false|false&#8221; custom_padding=&#8221;||||false|false&#8221; hover_enabled=&#8221;0&#8243; global_colors_info=&#8221;{}&#8221; dvmd_acat_aria_label=&#8221;Offres d&#8217;emploi chez Feinwerk Technologies. Texte d&#8217;information : nous \u00e9largissons constamment notre \u00e9quipe et aimerions \u00e9galement vous rencontrer. Vous trouverez ci-dessous les postes actuellement vacants chez nous. Si vous vous sentez concern\u00e9(e), nous nous r\u00e9jouissons de recevoir votre candidature.&#8221; sticky_enabled=&#8221;0&#8243;][et_pb_row make_equal=&#8221;on&#8221; _builder_version=&#8221;4.16&#8243; _module_preset=&#8221;default&#8221; height=&#8221;100%&#8221; custom_css_main_element=&#8221;align-items: center;&#8221; global_colors_info=&#8221;{}&#8221;][et_pb_column type=&#8221;4_4&#8243; _builder_version=&#8221;4.16&#8243; _module_preset=&#8221;default&#8221; global_colors_info=&#8221;{}&#8221;][et_pb_text _builder_version=&#8221;4.16&#8243; _module_preset=&#8221;default&#8221; text_text_color=&#8221;#FFFFFF&#8221; header_text_color=&#8221;#FFFFFF&#8221; header_2_text_color=&#8221;#FFFFFF&#8221; custom_margin=&#8221;||||false|false&#8221; custom_padding=&#8221;50px||50px||false|false&#8221; global_colors_info=&#8221;{}&#8221;]<\/p>\n<h2>Offres d&#8217;emploi<\/h2>\n<p>Nous \u00e9largissons constamment notre \u00e9quipe et aimerions \u00e9galement vous rencontrer. Vous trouverez ci-dessous les postes actuellement vacants chez nous. Si vous vous sentez concern\u00e9(e), nous nous r\u00e9jouissons de recevoir votre candidature.<\/p>\n<p>[\/et_pb_text][\/et_pb_column][\/et_pb_row][\/et_pb_section][et_pb_section fb_built=&#8221;1&#8243; _builder_version=&#8221;4.16&#8243; use_background_color_gradient=&#8221;on&#8221; background_color_gradient_stops=&#8221;rgba(255,255,255,0.5) 0%|rgba(255,255,255,0.5) 100%&#8221; background_color_gradient_start=&#8221;rgba(255,255,255,0.5)&#8221; background_color_gradient_end=&#8221;rgba(255,255,255,0.5)&#8221; background_image=&#8221;https:\/\/www.feinwerk-group.com\/wp-content\/uploads\/2021\/11\/geometric.jpg&#8221; background_size=&#8221;contain&#8221; background_repeat=&#8221;repeat&#8221; background_blend=&#8221;screen&#8221; width=&#8221;99.3%&#8221; custom_padding=&#8221;0px|||||&#8221; global_colors_info=&#8221;{}&#8221;][et_pb_row _builder_version=&#8221;4.16&#8243; background_size=&#8221;initial&#8221; background_position=&#8221;top_left&#8221; background_repeat=&#8221;repeat&#8221; global_colors_info=&#8221;{}&#8221;][et_pb_column type=&#8221;4_4&#8243; _builder_version=&#8221;4.16&#8243; custom_padding=&#8221;|||&#8221; global_colors_info=&#8221;{}&#8221; custom_padding__hover=&#8221;|||&#8221;][et_pb_code _builder_version=&#8221;4.27.4&#8243; _module_preset=&#8221;default&#8221; hover_enabled=&#8221;0&#8243; global_colors_info=&#8221;{}&#8221; dvmd_acat_aria_label=&#8221;Offres d&#8217;emploi chez Feinwerk Technologies. Postes \u00e0 pourvoir : M\u00e9canicien d&#8217;usinage CNC fraisage (h\/f) et M\u00e9canicien d&#8217;usinage CNC tournage (h\/f). Les t\u00e2ches comprennent l&#8217;usinage CNC de grandes pi\u00e8ces, le travail sur plan, le cas \u00e9ch\u00e9ant le travail en \u00e9quipe et l&#8217;utilisation de Heidenhain iTNC 530. Les conditions requises sont une formation sp\u00e9cialis\u00e9e, de l&#8217;exp\u00e9rience professionnelle, une capacit\u00e9 de compr\u00e9hension rapide et un esprit d&#8217;\u00e9quipe. Une r\u00e9mun\u00e9ration attrayante, la s\u00e9curit\u00e9 de l&#8217;emploi et l&#8217;expansion sont offertes.&#8221; sticky_enabled=&#8221;0&#8243;]<div class=\"jobs\"><h2>Stellenauschreibungen<\/h2><div class=\"job\"><h3>CNC-Zerspanungsmechaniker(-Fr\u00e4sen) m\/w\/d<\/h3><!-- wp:columns -->\n<div class=\"wp-block-columns\"><!-- wp:column {\"width\":\"66.66%\"} -->\n<div class=\"wp-block-column\" style=\"flex-basis:66.66%\"><!-- wp:heading {\"level\":4} -->\n<h4>Wir bieten:<\/h4>\n<!-- \/wp:heading -->\n\n<!-- wp:paragraph -->\n<p>Wir bieten eine \u00fcberdurchschnittliche, leistungsgerechte Bezahlung sowie die Sicherheit eines seri\u00f6sen, gefunden und expandierenden Unternehmens mit \u00fcber 70 Mitarbeitern.<\/p>\n<!-- \/wp:paragraph -->\n\n<!-- wp:heading {\"level\":4} -->\n<h4>Aufgabengebiet:<\/h4>\n<!-- \/wp:heading -->\n\n<!-- wp:list -->\n<ul><li>CNC-Bearbeitung von Gro\u00dfteilen<\/li><li>selbst\u00e4ndig arbeiten nach Zeichnung<\/li><li>eventuell Schichtarbeit<\/li><li>Umgang mit Heidenhain iTNC 530<\/li><\/ul>\n<!-- \/wp:list -->\n\n<!-- wp:heading {\"level\":4} -->\n<h4>Voraussetzungen:<\/h4>\n<!-- \/wp:heading -->\n\n<!-- wp:list -->\n<ul><li>entsprechende Fachausbildung<\/li><li>mehrj\u00e4hrige Berufserfahrung<\/li><li>flexibel, schnelle Auffassungsgabe<\/li><li>teamorientiert, zielstrebig, belastbar<\/li><\/ul>\n<!-- \/wp:list --><\/div>\n<!-- \/wp:column -->\n\n<!-- wp:column {\"width\":\"33.33%\"} -->\n<div class=\"wp-block-column\" style=\"flex-basis:33.33%\"><!-- wp:video {\"id\":320,\"align\":\"center\"} -->\n<figure class=\"wp-block-video aligncenter\"><video controls src=\"https:\/\/www.feinwerk-group.com\/wp-content\/uploads\/2021\/11\/5498054267280043072.mp4\"><\/video><\/figure>\n<!-- \/wp:video --><\/div>\n<!-- \/wp:column --><\/div>\n<!-- \/wp:columns -->\n\n<!-- wp:html -->\n<a href=\"https:\/\/www.feinwerk-group.com\/wp-content\/uploads\/2022\/03\/Stellenanzeige-CNC-Fraeser.pdf\" class=\"button black\" target=\"_blank\" rel=\"noopener\">PDF Download<\/a>\n<!-- \/wp:html -->\n\n<!-- wp:paragraph -->\n<p><\/p>\n<!-- \/wp:paragraph --><\/div><div class=\"job\"><h3>CNC-Zerspanungsmechaniker(-Drehen) m\/w\/d<\/h3><!-- wp:columns -->\n<div class=\"wp-block-columns\"><!-- wp:column {\"width\":\"66.66%\"} -->\n<div class=\"wp-block-column\" style=\"flex-basis:66.66%\"><!-- wp:heading {\"level\":4} -->\n<h4>Wir bieten:<\/h4>\n<!-- \/wp:heading -->\n\n<!-- wp:paragraph -->\n<p>Wir bieten eine \u00fcberdurchschnittliche, leistungsgerechte Bezahlung sowie die Sicherheit eines seri\u00f6sen, gefunden und expandierenden Unternehmens mit \u00fcber 70 Mitarbeitern.<\/p>\n<!-- \/wp:paragraph -->\n\n<!-- wp:heading {\"level\":4} -->\n<h4>Aufgabengebiet:<\/h4>\n<!-- \/wp:heading -->\n\n<!-- wp:list -->\n<ul><li>CNC-Bearbeitung von Gro\u00dfteilen<\/li><li>selbst\u00e4ndig arbeiten nach Zeichnung<\/li><li>eventuell Schichtarbeit<\/li><li>Umgang mit Heidenhain iTNC 530<\/li><\/ul>\n<!-- \/wp:list -->\n\n<!-- wp:heading {\"level\":4} -->\n<h4>Voraussetzungen:<\/h4>\n<!-- \/wp:heading -->\n\n<!-- wp:list -->\n<ul><li>entsprechende Fachausbildung<\/li><li>mehrj\u00e4hrige Berufserfahrung<\/li><li>flexibel, schnelle Auffassungsgabe<\/li><li>teamorientiert, zielstrebig, belastbar<\/li><\/ul>\n<!-- \/wp:list --><\/div>\n<!-- \/wp:column -->\n\n<!-- wp:column {\"width\":\"33.33%\"} -->\n<div class=\"wp-block-column\" style=\"flex-basis:33.33%\"><!-- wp:video {\"id\":305} -->\n<figure class=\"wp-block-video\"><video controls src=\"https:\/\/www.feinwerk-group.com\/wp-content\/uploads\/2021\/11\/9628565933841043072.mp4\"><\/video><\/figure>\n<!-- \/wp:video --><\/div>\n<!-- \/wp:column --><\/div>\n<!-- \/wp:columns -->\n\n<!-- wp:html -->\n<a href=\"https:\/\/www.feinwerk-group.com\/wp-content\/uploads\/2022\/03\/Stellenanzeige-CNC-Dreher.pdf\" class=\"button black\" target=\"_blank\" rel=\"noopener\">PDF Download<\/a>\n<!-- \/wp:html -->\n\n<!-- wp:paragraph -->\n<p><\/p>\n<!-- \/wp:paragraph --><\/div><div class=\"job\"><h3>CNC-Laserbediener m\/w\/d<\/h3><!-- wp:columns -->\n<div class=\"wp-block-columns\"><!-- wp:column {\"width\":\"66.66%\"} -->\n<div class=\"wp-block-column\" style=\"flex-basis:66.66%\"><!-- wp:heading {\"level\":4} -->\n<h4>Wir bieten:<\/h4>\n<!-- \/wp:heading -->\n\n<!-- wp:paragraph -->\n<p>Wir bieten eine \u00fcberdurchschnittliche, leistungsgerechte Bezahlung sowie die Sicherheit eines seri\u00f6sen, gefunden und expandierenden Unternehmens mit \u00fcber 70 Mitarbeitern.<\/p>\n<!-- \/wp:paragraph -->\n\n<!-- wp:heading {\"level\":4} -->\n<h4>Aufgabengebiet:<\/h4>\n<!-- \/wp:heading -->\n\n<!-- wp:list -->\n<ul><li>Einrichten und Betreuen der Laser-Maschine<\/li><li>\u00dcberpr\u00fcfung von Teilen anhand der Zeichnung<\/li><li>Wartung der Laser-Maschine<\/li><li>eventuell Schichtarbeit<\/li><\/ul>\n<!-- \/wp:list -->\n\n<!-- wp:heading {\"level\":4} -->\n<h4>Voraussetzungen:<\/h4>\n<!-- \/wp:heading -->\n\n<!-- wp:list -->\n<ul><li>entsprechende Fachausbildung<\/li><li>mehrj\u00e4hrige Berufserfahrung<\/li><li>flexibel, schnelle Auffassungsgabe<\/li><li>teamorientiert, zielstrebig, belastbar<\/li><\/ul>\n<!-- \/wp:list --><\/div>\n<!-- \/wp:column -->\n\n<!-- wp:column {\"width\":\"33.33%\"} -->\n<div class=\"wp-block-column\" style=\"flex-basis:33.33%\"><!-- wp:video {\"id\":331} -->\n<figure class=\"wp-block-video\"><video controls src=\"https:\/\/www.feinwerk-group.com\/wp-content\/uploads\/2021\/12\/stellenanzeige-laserbediener-gesamt-v1-1ss8ssx1350.mp4.mov\"><\/video><\/figure>\n<!-- \/wp:video --><\/div>\n<!-- \/wp:column --><\/div>\n<!-- \/wp:columns -->\n\n<!-- wp:html -->\n<a href=\"https:\/\/www.feinwerk-group.com\/wp-content\/uploads\/2022\/03\/Stellenanzeige-Laserbediener.pdf\" class=\"button black\" target=\"_blank\" rel=\"noopener\">PDF Download<\/a>\n<!-- \/wp:html --><\/div><div class=\"job\"><h3>Bediener f\u00fcr CNC-Abkantpressen m\/w\/d<\/h3><!-- wp:columns -->\n<div class=\"wp-block-columns\"><!-- wp:column {\"width\":\"100%\"} -->\n<div class=\"wp-block-column\" style=\"flex-basis:100%\"><!-- wp:group -->\n<div class=\"wp-block-group\"><!-- wp:columns -->\n<div class=\"wp-block-columns\"><!-- wp:column {\"width\":\"66.66%\"} -->\n<div class=\"wp-block-column\" style=\"flex-basis:66.66%\"><!-- wp:heading {\"level\":4} -->\n<h4>Wir bieten:<\/h4>\n<!-- \/wp:heading -->\n\n<!-- wp:paragraph -->\n<p>Wir bieten eine \u00fcberdurchschnittliche, leistungsgerechte Bezahlung sowie die Sicherheit eines seri\u00f6sen, gefunden und expandierenden Unternehmens mit \u00fcber 70 Mitarbeitern.<\/p>\n<!-- \/wp:paragraph -->\n\n<!-- wp:heading {\"level\":4} -->\n<h4>Aufgabengebiet:<\/h4>\n<!-- \/wp:heading -->\n\n<!-- wp:list -->\n<ul><li>Bedienen und Einrichten von CNC-Abkantmaschinen<\/li><li>Bearbeitung von Teilen nach Zeichnung<\/li><li>Qualit\u00e4tskontrolle der bearbeiteten Teile<\/li><li>Wartung der Abkantmaschine<\/li><li>eventuell Schichtarbeit<\/li><\/ul>\n<!-- \/wp:list -->\n\n<!-- wp:heading {\"level\":4} -->\n<h4>Voraussetzungen:<\/h4>\n<!-- \/wp:heading -->\n\n<!-- wp:list -->\n<ul><li>entsprechende Fachausbildung<\/li><li>mehrj\u00e4hrige Berufserfahrung<\/li><li>flexibel, schnelle Auffassungsgabe<\/li><li>teamorientiert, zielstrebig, belastbar<\/li><\/ul>\n<!-- \/wp:list --><\/div>\n<!-- \/wp:column -->\n\n<!-- wp:column {\"width\":\"33.33%\"} -->\n<div class=\"wp-block-column\" style=\"flex-basis:33.33%\"><!-- wp:video {\"id\":332,\"align\":\"center\"} -->\n<figure class=\"wp-block-video aligncenter\"><video controls src=\"https:\/\/www.feinwerk-group.com\/wp-content\/uploads\/2021\/12\/stellenanzeige-biegemaschine-gesamt-v1-1080x1350.mp4.mov\"><\/video><\/figure>\n<!-- \/wp:video --><\/div>\n<!-- \/wp:column --><\/div>\n<!-- \/wp:columns --><\/div>\n<!-- \/wp:group --><\/div>\n<!-- \/wp:column --><\/div>\n<!-- \/wp:columns -->\n\n<!-- wp:html -->\n<a href=\"https:\/\/www.feinwerk-group.com\/wp-content\/uploads\/2022\/03\/Stellenanzeige-CNC-Abkanter.pdf\" class=\"button black\" target=\"_blank\" rel=\"noopener\">PDF Download<\/a>\n<!-- \/wp:html -->\n\n<!-- wp:columns -->\n<div class=\"wp-block-columns\"><!-- wp:column -->\n<div class=\"wp-block-column\"><\/div>\n<!-- \/wp:column --><\/div>\n<!-- \/wp:columns -->\n\n<!-- wp:paragraph -->\n<p><\/p>\n<!-- \/wp:paragraph --><\/div><div class=\"job\"><h3>Roboterbediener m\/w\/d<\/h3><!-- wp:columns {\"verticalAlignment\":null} -->\n<div class=\"wp-block-columns\"><!-- wp:column {\"width\":\"66.66%\"} -->\n<div class=\"wp-block-column\" style=\"flex-basis:66.66%\"><!-- wp:heading {\"level\":4} -->\n<h4>Wir bieten:<\/h4>\n<!-- \/wp:heading -->\n\n<!-- wp:paragraph -->\n<p>Wir bieten eine \u00fcberdurchschnittliche, leistungsgerechte Bezahlung sowie die Sicherheit eines seri\u00f6sen, gefunden und expandierenden Unternehmens mit \u00fcber 70 Mitarbeitern.<\/p>\n<!-- \/wp:paragraph -->\n\n<!-- wp:heading {\"level\":4} -->\n<h4>Aufgabengebiet:<\/h4>\n<!-- \/wp:heading -->\n\n<!-- wp:list -->\n<ul><li> Programmierung und Bedienung des OTC-Schwei\u00dfroboters<\/li><li>Herstellung von Serienteilen nach Zeichnung <\/li><li>\u00dcberpr\u00fcfung von Teilen anhand der Zeichnung<\/li><li>Qualit\u00e4tskontrolle der bearbeiteten Werkst\u00fccke <\/li><\/ul>\n<!-- \/wp:list -->\n\n<!-- wp:heading {\"level\":4} -->\n<h4>Voraussetzungen:<\/h4>\n<!-- \/wp:heading -->\n\n<!-- wp:list -->\n<ul><li>Fachausbildung und mehrj\u00e4hrige Berufserfahrung<\/li><li>flexibel, schnelle Auffassungsgabe <\/li><li>teamorientiert, zielstrebig, belastbar<\/li><li>Einsatzbereitschaft &amp; ggf. Schichtarbeit <\/li><li>Sicherer Umgang mit technischen Zeichnungen <\/li><li>Zuverl\u00e4ssigkeit und Qualit\u00e4tsbewusstsein <\/li><\/ul>\n<!-- \/wp:list --><\/div>\n<!-- \/wp:column -->\n\n<!-- wp:column {\"verticalAlignment\":\"center\",\"width\":\"33.33%\"} -->\n<div class=\"wp-block-column is-vertically-aligned-center\" style=\"flex-basis:33.33%\"><!-- wp:image {\"id\":352,\"sizeSlug\":\"full\",\"linkDestination\":\"none\"} -->\n<figure class=\"wp-block-image size-full\"><img loading=\"lazy\" decoding=\"async\" width=\"900\" height=\"1124\" src=\"https:\/\/www.feinwerk-group.com\/wp-content\/uploads\/2022\/03\/grohmueller-automation-roboterschweisstechnik-feinwerk-group-49_-2.jpg\" alt=\"\" class=\"wp-image-352\"\/><\/figure>\n<!-- \/wp:image --><\/div>\n<!-- \/wp:column --><\/div>\n<!-- \/wp:columns -->\n\n<!-- wp:html -->\n<a href=\"https:\/\/www.feinwerk-group.com\/wp-content\/uploads\/2022\/03\/Stellenanzeige-Roboterbediener.pdf\" class=\"button black\" target=\"_blank\" rel=\"noopener\">PDF Download<\/a>\n<!-- \/wp:html -->\n\n<!-- wp:paragraph -->\n<p><\/p>\n<!-- \/wp:paragraph --><\/div><div class=\"job\"><h3>Schwei\u00dfer m\/w\/d<\/h3><!-- wp:columns -->\n<div class=\"wp-block-columns\"><!-- wp:column {\"width\":\"66.66%\"} -->\n<div class=\"wp-block-column\" style=\"flex-basis:66.66%\"><!-- wp:heading {\"level\":4} -->\n<h4>Wir bieten:<\/h4>\n<!-- \/wp:heading -->\n\n<!-- wp:paragraph -->\n<p>Wir bieten eine \u00fcberdurchschnittliche, leistungsgerechte Bezahlung sowie die Sicherheit eines seri\u00f6sen, gefunden und expandierenden Unternehmens mit \u00fcber 70 Mitarbeitern.<\/p>\n<!-- \/wp:paragraph -->\n\n<!-- wp:heading {\"level\":4} -->\n<h4>Aufgabengebiet:<\/h4>\n<!-- \/wp:heading -->\n\n<!-- wp:list -->\n<ul><li>Vorbereiten von Werkst\u00fccken und Bauteilen nach Zeichnungen<\/li><li>Fachgerechte Ausf\u00fchrung und Endkontrolle der Bauteile<\/li><li>Durchf\u00fchrung von WIG\/MIG\/MAG-Schwei\u00dfarbeiten an Stahl\/CrNi- und Aluminiumbauteilen<\/li><\/ul>\n<!-- \/wp:list -->\n\n<!-- wp:heading {\"level\":4} -->\n<h4>Voraussetzungen:<\/h4>\n<!-- \/wp:heading -->\n\n<!-- wp:list -->\n<ul><li>Facharbeiterabschluss Metall und mehrj\u00e4hrige Berufserfahrung<\/li><li>G\u00fcltige WIG und\/oder MIG\/MAG-Schwei\u00dfer Zertifikat nach DIN EN 9606-1 und DIN EN 9606-2 w\u00fcnschenswert<\/li><li>teamorientiert, zielstrebig, belastbar, flexibel<\/li><li>Einsatzbereitschaft &amp; ggf. Schichtdienst<\/li><li>Sicherer Umgang mit technischen Zeichnungen<\/li><li>Zuverl\u00e4ssigkeit und Qualit\u00e4tsbewusstsein<\/li><\/ul>\n<!-- \/wp:list --><\/div>\n<!-- \/wp:column -->\n\n<!-- wp:column {\"width\":\"33.33%\"} -->\n<div class=\"wp-block-column\" style=\"flex-basis:33.33%\"><!-- wp:image {\"align\":\"center\",\"id\":353,\"sizeSlug\":\"full\",\"linkDestination\":\"none\"} -->\n<div class=\"wp-block-image\"><figure class=\"aligncenter size-full\"><img loading=\"lazy\" decoding=\"async\" width=\"908\" height=\"1134\" src=\"https:\/\/www.feinwerk-group.com\/wp-content\/uploads\/2022\/03\/Feinwerk_2019-09-09_035.jpg\" alt=\"\" class=\"wp-image-353\"\/><\/figure><\/div>\n<!-- \/wp:image --><\/div>\n<!-- \/wp:column --><\/div>\n<!-- \/wp:columns -->\n\n<!-- wp:html -->\n<a href=\"https:\/\/www.feinwerk-group.com\/wp-content\/uploads\/2022\/03\/Stellenanzeige-Schweisser.pdf\" class=\"button black\" target=\"_blank\" rel=\"noopener\">PDF Download<\/a>\n<!-- \/wp:html -->\n\n<!-- wp:paragraph -->\n<p><\/p>\n<!-- \/wp:paragraph --><\/div><\/div>[\/et_pb_code][\/et_pb_column][\/et_pb_row][\/et_pb_section]<\/p>\n","protected":false},"excerpt":{"rendered":"<p>[et_pb_section fb_built=&#8221;1&#8243; _builder_version=&#8221;4.16&#8243; background_image=&#8221;https:\/\/www.feinwerk-group.com\/wp-content\/uploads\/2021\/11\/csm_karriere-kautz-technologies_5a6753e10b.jpg&#8221; min_height=&#8221;400px&#8221; global_colors_info=&#8221;{}&#8221;][\/et_pb_section][et_pb_section fb_built=&#8221;1&#8243; _builder_version=&#8221;4.16&#8243; _module_preset=&#8221;default&#8221; background_enable_color=&#8221;off&#8221; background_image=&#8221;https:\/\/www.feinwerk-group.com\/wp-content\/uploads\/2021\/11\/kreuzstriche.png&#8221; background_size=&#8221;initial&#8221; background_repeat=&#8221;repeat&#8221; custom_padding=&#8221;||0px||false|false&#8221; global_colors_info=&#8221;{}&#8221;][et_pb_row _builder_version=&#8221;4.16&#8243; _module_preset=&#8221;default&#8221; min_height=&#8221;194.2px&#8221; custom_margin=&#8221;||||false|false&#8221; custom_padding=&#8221;||0px|||&#8221; global_colors_info=&#8221;{}&#8221;][et_pb_column type=&#8221;4_4&#8243; _builder_version=&#8221;4.16&#8243; _module_preset=&#8221;default&#8221; global_colors_info=&#8221;{}&#8221;][et_pb_text _builder_version=&#8221;4.16&#8243; _module_preset=&#8221;default&#8221; custom_margin=&#8221;||-1px|||&#8221; custom_padding=&#8221;||27px|||&#8221; global_colors_info=&#8221;{}&#8221;] Planifiez votre carri\u00e8re avec nous Vous \u00eates \u00e0 la recherche de nouveaux d\u00e9fis ? Avec des t\u00e2ches quotidiennes passionnantes autour de la construction d&#8217;installations, de [&hellip;]<\/p>\n","protected":false},"author":1,"featured_media":0,"parent":0,"menu_order":0,"comment_status":"closed","ping_status":"closed","template":"","meta":{"_acf_changed":false,"_et_pb_use_builder":"on","_et_pb_old_content":"","_et_gb_content_width":"","inline_featured_image":false,"footnotes":""},"class_list":["post-627","page","type-page","status-publish","hentry"],"acf":[],"tag_names":[],"category_names":[],"thumbnail":false,"_links":{"self":[{"href":"https:\/\/www.feinwerk-group.com\/fr\/wp-json\/wp\/v2\/pages\/627","targetHints":{"allow":["GET"]}}],"collection":[{"href":"https:\/\/www.feinwerk-group.com\/fr\/wp-json\/wp\/v2\/pages"}],"about":[{"href":"https:\/\/www.feinwerk-group.com\/fr\/wp-json\/wp\/v2\/types\/page"}],"author":[{"embeddable":true,"href":"https:\/\/www.feinwerk-group.com\/fr\/wp-json\/wp\/v2\/users\/1"}],"replies":[{"embeddable":true,"href":"https:\/\/www.feinwerk-group.com\/fr\/wp-json\/wp\/v2\/comments?post=627"}],"version-history":[{"count":3,"href":"https:\/\/www.feinwerk-group.com\/fr\/wp-json\/wp\/v2\/pages\/627\/revisions"}],"predecessor-version":[{"id":659,"href":"https:\/\/www.feinwerk-group.com\/fr\/wp-json\/wp\/v2\/pages\/627\/revisions\/659"}],"wp:attachment":[{"href":"https:\/\/www.feinwerk-group.com\/fr\/wp-json\/wp\/v2\/media?parent=627"}],"curies":[{"name":"wp","href":"https:\/\/api.w.org\/{rel}","templated":true}]}}