{"id":625,"date":"2021-11-10T09:23:26","date_gmt":"2021-11-10T08:23:26","guid":{"rendered":"https:\/\/www.feinwerk-group.com\/career\/"},"modified":"2025-05-20T14:19:26","modified_gmt":"2025-05-20T12:19:26","slug":"career","status":"publish","type":"page","link":"https:\/\/www.feinwerk-group.com\/en\/career\/","title":{"rendered":"Career"},"content":{"rendered":"<p>[et_pb_section fb_built=&#8221;1&#8243; _builder_version=&#8221;4.16&#8243; background_image=&#8221;https:\/\/www.feinwerk-group.com\/wp-content\/uploads\/2021\/11\/csm_karriere-kautz-technologies_5a6753e10b.jpg&#8221; min_height=&#8221;400px&#8221; global_colors_info=&#8221;{}&#8221;][\/et_pb_section][et_pb_section fb_built=&#8221;1&#8243; _builder_version=&#8221;4.16&#8243; _module_preset=&#8221;default&#8221; background_enable_color=&#8221;off&#8221; background_image=&#8221;https:\/\/www.feinwerk-group.com\/wp-content\/uploads\/2021\/11\/kreuzstriche.png&#8221; background_size=&#8221;initial&#8221; background_repeat=&#8221;repeat&#8221; custom_padding=&#8221;||0px||false|false&#8221; global_colors_info=&#8221;{}&#8221;][et_pb_row _builder_version=&#8221;4.16&#8243; _module_preset=&#8221;default&#8221; min_height=&#8221;194.2px&#8221; custom_margin=&#8221;||||false|false&#8221; custom_padding=&#8221;||0px|||&#8221; global_colors_info=&#8221;{}&#8221;][et_pb_column type=&#8221;4_4&#8243; _builder_version=&#8221;4.16&#8243; _module_preset=&#8221;default&#8221; global_colors_info=&#8221;{}&#8221;][et_pb_text _builder_version=&#8221;4.16&#8243; _module_preset=&#8221;default&#8221; custom_margin=&#8221;||-1px|||&#8221; custom_padding=&#8221;||27px|||&#8221; global_colors_info=&#8221;{}&#8221;]<\/p>\n<div class=\"frame frame-type-text frame-layout-0\" id=\"c1246\">\n<h1 class=\"\">Plan your career with us<\/h1>\n<p>Are you looking for new challenges? With exciting daily tasks relating to plant engineering, steel mill technology, CNC machining &amp; hydraulic cylinders, your working day at Feinwerk Technologies will never be boring. Our customers include well-known companies from the automotive industry, steel industry and tunnel driving technology. As a medium-sized company with flat hierarchies, we offer you an attractive job in our Feinwerk team. We look forward to receiving your application!    <\/p>\n<\/div>\n<p>[\/et_pb_text][et_pb_divider color=&#8221;rgba(0,0,0,0.1)&#8221; _builder_version=&#8221;4.16&#8243; _module_preset=&#8221;default&#8221; custom_margin=&#8221;||||false|false&#8221; custom_padding=&#8221;||0px|||&#8221; global_colors_info=&#8221;{}&#8221;][\/et_pb_divider][\/et_pb_column][\/et_pb_row][et_pb_row column_structure=&#8221;1_3,1_3,1_3&#8243; _builder_version=&#8221;4.16&#8243; _module_preset=&#8221;default&#8221; custom_padding=&#8221;||||false|false&#8221; global_colors_info=&#8221;{}&#8221;][et_pb_column type=&#8221;1_3&#8243; _builder_version=&#8221;4.16&#8243; _module_preset=&#8221;default&#8221; global_colors_info=&#8221;{}&#8221;][et_pb_text _builder_version=&#8221;4.16&#8243; _module_preset=&#8221;default&#8221; global_colors_info=&#8221;{}&#8221;]<\/p>\n<div class=\" d-block col-12 d-sm-block col-sm-12 d-md-block col-md-4 d-lg-block col-lg-4 d-xl-block col-xl-4 colindex-0\">\n<div class=\"frame frame-type-textpic frame-layout-0\" id=\"c1250\">\n<h3 class=\"\">Study and training<\/h3>\n<div class=\"ce-textpic ce-left ce-above\">\n<div class=\"ce-bodytext\">\n<p>Start your professional life with us. We offer you the best foundations for your personal and professional success in the future. In addition to training in the technical\/commercial field, there is also the option of dual studies at a university.  <\/p>\n<\/div>\n<\/div>\n<\/div>\n<\/div>\n<p>[\/et_pb_text][\/et_pb_column][et_pb_column type=&#8221;1_3&#8243; _builder_version=&#8221;4.16&#8243; _module_preset=&#8221;default&#8221; global_colors_info=&#8221;{}&#8221;][et_pb_text _builder_version=&#8221;4.16&#8243; _module_preset=&#8221;default&#8221; global_colors_info=&#8221;{}&#8221;]<\/p>\n<div class=\" d-block col-12 d-sm-block col-sm-12 d-md-block col-md-4 d-lg-block col-lg-4 d-xl-block col-xl-4 colindex-1\">\n<div class=\"frame frame-type-text frame-layout-0\" id=\"c1252\">\n<h3 class=\"\">Internship<\/h3>\n<p>Deepen the knowledge you have already gained at school or university with an internship with us. You can expect a wide variety of activities with us. You can complete a school internship with us as well as an internship semester as part of your studies.  <\/p>\n<\/div>\n<\/div>\n<p>[\/et_pb_text][\/et_pb_column][et_pb_column type=&#8221;1_3&#8243; _builder_version=&#8221;4.16&#8243; _module_preset=&#8221;default&#8221; global_colors_info=&#8221;{}&#8221;][et_pb_text _builder_version=&#8221;4.16&#8243; _module_preset=&#8221;default&#8221; global_colors_info=&#8221;{}&#8221;]<\/p>\n<div class=\" d-block col-12 d-sm-block col-sm-12 d-md-block col-md-4 d-lg-block col-lg-4 d-xl-block col-xl-4 colindex-2\">\n<div class=\"frame frame-type-text frame-layout-0\" id=\"c1253\">\n<h3 class=\"\">Specialist<\/h3>\n<p>Are you a committed professional with professional experience in plant engineering? We offer you a wide range of opportunities for development and advancement. As part of your career planning, we will also actively support you with further and advanced training.  <\/p>\n<\/div>\n<\/div>\n<p>[\/et_pb_text][\/et_pb_column][\/et_pb_row][\/et_pb_section][et_pb_section fb_built=&#8221;1&#8243; _builder_version=&#8221;4.27.4&#8243; use_background_color_gradient=&#8221;on&#8221; background_color_gradient_stops=&#8221;rgba(20,20,20,0.5) 0%|rgba(20,20,20,0.5) 100%&#8221; background_color_gradient_start=&#8221;rgba(20,20,20,0.5)&#8221; background_color_gradient_end=&#8221;rgba(20,20,20,0.5)&#8221; background_image=&#8221;https:\/\/www.feinwerk-group.com\/wp-content\/uploads\/2021\/11\/sondermaschinen-kautz-technologies.jpg&#8221; background_blend=&#8221;multiply&#8221; custom_margin=&#8221;||||false|false&#8221; custom_padding=&#8221;||||false|false&#8221; hover_enabled=&#8221;0&#8243; global_colors_info=&#8221;{}&#8221; dvmd_acat_aria_label=&#8221;Vacancies at Feinwerk Technologies. Note: We are constantly expanding our team and would like to get to know you. Below you will find our current vacancies. If you are interested, we look forward to receiving your application.&#8221; sticky_enabled=&#8221;0&#8243;][et_pb_row make_equal=&#8221;on&#8221; _builder_version=&#8221;4.16&#8243; _module_preset=&#8221;default&#8221; height=&#8221;100%&#8221; custom_css_main_element=&#8221;align-items: center;&#8221; global_colors_info=&#8221;{}&#8221;][et_pb_column type=&#8221;4_4&#8243; _builder_version=&#8221;4.16&#8243; _module_preset=&#8221;default&#8221; global_colors_info=&#8221;{}&#8221;][et_pb_text _builder_version=&#8221;4.16&#8243; _module_preset=&#8221;default&#8221; text_text_color=&#8221;#FFFFFF&#8221; header_text_color=&#8221;#FFFFFF&#8221; header_2_text_color=&#8221;#FFFFFF&#8221; custom_margin=&#8221;||||false|false&#8221; custom_padding=&#8221;50px||50px||false|false&#8221; global_colors_info=&#8221;{}&#8221;]<\/p>\n<h2>Job offers<\/h2>\n<p>We are constantly expanding our team and would like to get to know you too. Below you will find our current vacancies. If you are interested, we look forward to receiving your application.  <\/p>\n<p>[\/et_pb_text][\/et_pb_column][\/et_pb_row][\/et_pb_section][et_pb_section fb_built=&#8221;1&#8243; _builder_version=&#8221;4.16&#8243; use_background_color_gradient=&#8221;on&#8221; background_color_gradient_stops=&#8221;rgba(255,255,255,0.5) 0%|rgba(255,255,255,0.5) 100%&#8221; background_color_gradient_start=&#8221;rgba(255,255,255,0.5)&#8221; background_color_gradient_end=&#8221;rgba(255,255,255,0.5)&#8221; background_image=&#8221;https:\/\/www.feinwerk-group.com\/wp-content\/uploads\/2021\/11\/geometric.jpg&#8221; background_size=&#8221;contain&#8221; background_repeat=&#8221;repeat&#8221; background_blend=&#8221;screen&#8221; width=&#8221;99.3%&#8221; custom_padding=&#8221;0px|||||&#8221; global_colors_info=&#8221;{}&#8221;][et_pb_row _builder_version=&#8221;4.16&#8243; background_size=&#8221;initial&#8221; background_position=&#8221;top_left&#8221; background_repeat=&#8221;repeat&#8221; global_colors_info=&#8221;{}&#8221;][et_pb_column type=&#8221;4_4&#8243; _builder_version=&#8221;4.16&#8243; custom_padding=&#8221;|||&#8221; global_colors_info=&#8221;{}&#8221; custom_padding__hover=&#8221;|||&#8221;][et_pb_code _builder_version=&#8221;4.27.4&#8243; _module_preset=&#8221;default&#8221; hover_enabled=&#8221;0&#8243; global_colors_info=&#8221;{}&#8221; dvmd_acat_aria_label=&#8221;Vacancies at Feinwerk Technologies. Open positions: CNC Machining Mechanic Milling (m\/f\/d) and CNC Machining Mechanic Turning (m\/f\/d). The tasks include CNC machining of large parts, working according to drawings, possibly shift work and working with Heidenhain iTNC 530. Requirements are technical training, professional experience, quick comprehension and the ability to work in a team. Attractive remuneration, job security and expansion are offered.&#8221; sticky_enabled=&#8221;0&#8243;]<div class=\"jobs\"><h2>Stellenauschreibungen<\/h2><div class=\"job\"><h3>CNC-Zerspanungsmechaniker(-Fr\u00e4sen) m\/w\/d<\/h3><!-- wp:columns -->\n<div class=\"wp-block-columns\"><!-- wp:column {\"width\":\"66.66%\"} -->\n<div class=\"wp-block-column\" style=\"flex-basis:66.66%\"><!-- wp:heading {\"level\":4} -->\n<h4>Wir bieten:<\/h4>\n<!-- \/wp:heading -->\n\n<!-- wp:paragraph -->\n<p>Wir bieten eine \u00fcberdurchschnittliche, leistungsgerechte Bezahlung sowie die Sicherheit eines seri\u00f6sen, gefunden und expandierenden Unternehmens mit \u00fcber 70 Mitarbeitern.<\/p>\n<!-- \/wp:paragraph -->\n\n<!-- wp:heading {\"level\":4} -->\n<h4>Aufgabengebiet:<\/h4>\n<!-- \/wp:heading -->\n\n<!-- wp:list -->\n<ul><li>CNC-Bearbeitung von Gro\u00dfteilen<\/li><li>selbst\u00e4ndig arbeiten nach Zeichnung<\/li><li>eventuell Schichtarbeit<\/li><li>Umgang mit Heidenhain iTNC 530<\/li><\/ul>\n<!-- \/wp:list -->\n\n<!-- wp:heading {\"level\":4} -->\n<h4>Voraussetzungen:<\/h4>\n<!-- \/wp:heading -->\n\n<!-- wp:list -->\n<ul><li>entsprechende Fachausbildung<\/li><li>mehrj\u00e4hrige Berufserfahrung<\/li><li>flexibel, schnelle Auffassungsgabe<\/li><li>teamorientiert, zielstrebig, belastbar<\/li><\/ul>\n<!-- \/wp:list --><\/div>\n<!-- \/wp:column -->\n\n<!-- wp:column {\"width\":\"33.33%\"} -->\n<div class=\"wp-block-column\" style=\"flex-basis:33.33%\"><!-- wp:video {\"id\":320,\"align\":\"center\"} -->\n<figure class=\"wp-block-video aligncenter\"><video controls src=\"https:\/\/www.feinwerk-group.com\/wp-content\/uploads\/2021\/11\/5498054267280043072.mp4\"><\/video><\/figure>\n<!-- \/wp:video --><\/div>\n<!-- \/wp:column --><\/div>\n<!-- \/wp:columns -->\n\n<!-- wp:html -->\n<a href=\"https:\/\/www.feinwerk-group.com\/wp-content\/uploads\/2022\/03\/Stellenanzeige-CNC-Fraeser.pdf\" class=\"button black\" target=\"_blank\" rel=\"noopener\">PDF Download<\/a>\n<!-- \/wp:html -->\n\n<!-- wp:paragraph -->\n<p><\/p>\n<!-- \/wp:paragraph --><\/div><div class=\"job\"><h3>CNC-Zerspanungsmechaniker(-Drehen) m\/w\/d<\/h3><!-- wp:columns -->\n<div class=\"wp-block-columns\"><!-- wp:column {\"width\":\"66.66%\"} -->\n<div class=\"wp-block-column\" style=\"flex-basis:66.66%\"><!-- wp:heading {\"level\":4} -->\n<h4>Wir bieten:<\/h4>\n<!-- \/wp:heading -->\n\n<!-- wp:paragraph -->\n<p>Wir bieten eine \u00fcberdurchschnittliche, leistungsgerechte Bezahlung sowie die Sicherheit eines seri\u00f6sen, gefunden und expandierenden Unternehmens mit \u00fcber 70 Mitarbeitern.<\/p>\n<!-- \/wp:paragraph -->\n\n<!-- wp:heading {\"level\":4} -->\n<h4>Aufgabengebiet:<\/h4>\n<!-- \/wp:heading -->\n\n<!-- wp:list -->\n<ul><li>CNC-Bearbeitung von Gro\u00dfteilen<\/li><li>selbst\u00e4ndig arbeiten nach Zeichnung<\/li><li>eventuell Schichtarbeit<\/li><li>Umgang mit Heidenhain iTNC 530<\/li><\/ul>\n<!-- \/wp:list -->\n\n<!-- wp:heading {\"level\":4} -->\n<h4>Voraussetzungen:<\/h4>\n<!-- \/wp:heading -->\n\n<!-- wp:list -->\n<ul><li>entsprechende Fachausbildung<\/li><li>mehrj\u00e4hrige Berufserfahrung<\/li><li>flexibel, schnelle Auffassungsgabe<\/li><li>teamorientiert, zielstrebig, belastbar<\/li><\/ul>\n<!-- \/wp:list --><\/div>\n<!-- \/wp:column -->\n\n<!-- wp:column {\"width\":\"33.33%\"} -->\n<div class=\"wp-block-column\" style=\"flex-basis:33.33%\"><!-- wp:video {\"id\":305} -->\n<figure class=\"wp-block-video\"><video controls src=\"https:\/\/www.feinwerk-group.com\/wp-content\/uploads\/2021\/11\/9628565933841043072.mp4\"><\/video><\/figure>\n<!-- \/wp:video --><\/div>\n<!-- \/wp:column --><\/div>\n<!-- \/wp:columns -->\n\n<!-- wp:html -->\n<a href=\"https:\/\/www.feinwerk-group.com\/wp-content\/uploads\/2022\/03\/Stellenanzeige-CNC-Dreher.pdf\" class=\"button black\" target=\"_blank\" rel=\"noopener\">PDF Download<\/a>\n<!-- \/wp:html -->\n\n<!-- wp:paragraph -->\n<p><\/p>\n<!-- \/wp:paragraph --><\/div><div class=\"job\"><h3>CNC-Laserbediener m\/w\/d<\/h3><!-- wp:columns -->\n<div class=\"wp-block-columns\"><!-- wp:column {\"width\":\"66.66%\"} -->\n<div class=\"wp-block-column\" style=\"flex-basis:66.66%\"><!-- wp:heading {\"level\":4} -->\n<h4>Wir bieten:<\/h4>\n<!-- \/wp:heading -->\n\n<!-- wp:paragraph -->\n<p>Wir bieten eine \u00fcberdurchschnittliche, leistungsgerechte Bezahlung sowie die Sicherheit eines seri\u00f6sen, gefunden und expandierenden Unternehmens mit \u00fcber 70 Mitarbeitern.<\/p>\n<!-- \/wp:paragraph -->\n\n<!-- wp:heading {\"level\":4} -->\n<h4>Aufgabengebiet:<\/h4>\n<!-- \/wp:heading -->\n\n<!-- wp:list -->\n<ul><li>Einrichten und Betreuen der Laser-Maschine<\/li><li>\u00dcberpr\u00fcfung von Teilen anhand der Zeichnung<\/li><li>Wartung der Laser-Maschine<\/li><li>eventuell Schichtarbeit<\/li><\/ul>\n<!-- \/wp:list -->\n\n<!-- wp:heading {\"level\":4} -->\n<h4>Voraussetzungen:<\/h4>\n<!-- \/wp:heading -->\n\n<!-- wp:list -->\n<ul><li>entsprechende Fachausbildung<\/li><li>mehrj\u00e4hrige Berufserfahrung<\/li><li>flexibel, schnelle Auffassungsgabe<\/li><li>teamorientiert, zielstrebig, belastbar<\/li><\/ul>\n<!-- \/wp:list --><\/div>\n<!-- \/wp:column -->\n\n<!-- wp:column {\"width\":\"33.33%\"} -->\n<div class=\"wp-block-column\" style=\"flex-basis:33.33%\"><!-- wp:video {\"id\":331} -->\n<figure class=\"wp-block-video\"><video controls src=\"https:\/\/www.feinwerk-group.com\/wp-content\/uploads\/2021\/12\/stellenanzeige-laserbediener-gesamt-v1-1ss8ssx1350.mp4.mov\"><\/video><\/figure>\n<!-- \/wp:video --><\/div>\n<!-- \/wp:column --><\/div>\n<!-- \/wp:columns -->\n\n<!-- wp:html -->\n<a href=\"https:\/\/www.feinwerk-group.com\/wp-content\/uploads\/2022\/03\/Stellenanzeige-Laserbediener.pdf\" class=\"button black\" target=\"_blank\" rel=\"noopener\">PDF Download<\/a>\n<!-- \/wp:html --><\/div><div class=\"job\"><h3>Bediener f\u00fcr CNC-Abkantpressen m\/w\/d<\/h3><!-- wp:columns -->\n<div class=\"wp-block-columns\"><!-- wp:column {\"width\":\"100%\"} -->\n<div class=\"wp-block-column\" style=\"flex-basis:100%\"><!-- wp:group -->\n<div class=\"wp-block-group\"><!-- wp:columns -->\n<div class=\"wp-block-columns\"><!-- wp:column {\"width\":\"66.66%\"} -->\n<div class=\"wp-block-column\" style=\"flex-basis:66.66%\"><!-- wp:heading {\"level\":4} -->\n<h4>Wir bieten:<\/h4>\n<!-- \/wp:heading -->\n\n<!-- wp:paragraph -->\n<p>Wir bieten eine \u00fcberdurchschnittliche, leistungsgerechte Bezahlung sowie die Sicherheit eines seri\u00f6sen, gefunden und expandierenden Unternehmens mit \u00fcber 70 Mitarbeitern.<\/p>\n<!-- \/wp:paragraph -->\n\n<!-- wp:heading {\"level\":4} -->\n<h4>Aufgabengebiet:<\/h4>\n<!-- \/wp:heading -->\n\n<!-- wp:list -->\n<ul><li>Bedienen und Einrichten von CNC-Abkantmaschinen<\/li><li>Bearbeitung von Teilen nach Zeichnung<\/li><li>Qualit\u00e4tskontrolle der bearbeiteten Teile<\/li><li>Wartung der Abkantmaschine<\/li><li>eventuell Schichtarbeit<\/li><\/ul>\n<!-- \/wp:list -->\n\n<!-- wp:heading {\"level\":4} -->\n<h4>Voraussetzungen:<\/h4>\n<!-- \/wp:heading -->\n\n<!-- wp:list -->\n<ul><li>entsprechende Fachausbildung<\/li><li>mehrj\u00e4hrige Berufserfahrung<\/li><li>flexibel, schnelle Auffassungsgabe<\/li><li>teamorientiert, zielstrebig, belastbar<\/li><\/ul>\n<!-- \/wp:list --><\/div>\n<!-- \/wp:column -->\n\n<!-- wp:column {\"width\":\"33.33%\"} -->\n<div class=\"wp-block-column\" style=\"flex-basis:33.33%\"><!-- wp:video {\"id\":332,\"align\":\"center\"} -->\n<figure class=\"wp-block-video aligncenter\"><video controls src=\"https:\/\/www.feinwerk-group.com\/wp-content\/uploads\/2021\/12\/stellenanzeige-biegemaschine-gesamt-v1-1080x1350.mp4.mov\"><\/video><\/figure>\n<!-- \/wp:video --><\/div>\n<!-- \/wp:column --><\/div>\n<!-- \/wp:columns --><\/div>\n<!-- \/wp:group --><\/div>\n<!-- \/wp:column --><\/div>\n<!-- \/wp:columns -->\n\n<!-- wp:html -->\n<a href=\"https:\/\/www.feinwerk-group.com\/wp-content\/uploads\/2022\/03\/Stellenanzeige-CNC-Abkanter.pdf\" class=\"button black\" target=\"_blank\" rel=\"noopener\">PDF Download<\/a>\n<!-- \/wp:html -->\n\n<!-- wp:columns -->\n<div class=\"wp-block-columns\"><!-- wp:column -->\n<div class=\"wp-block-column\"><\/div>\n<!-- \/wp:column --><\/div>\n<!-- \/wp:columns -->\n\n<!-- wp:paragraph -->\n<p><\/p>\n<!-- \/wp:paragraph --><\/div><div class=\"job\"><h3>Roboterbediener m\/w\/d<\/h3><!-- wp:columns {\"verticalAlignment\":null} -->\n<div class=\"wp-block-columns\"><!-- wp:column {\"width\":\"66.66%\"} -->\n<div class=\"wp-block-column\" style=\"flex-basis:66.66%\"><!-- wp:heading {\"level\":4} -->\n<h4>Wir bieten:<\/h4>\n<!-- \/wp:heading -->\n\n<!-- wp:paragraph -->\n<p>Wir bieten eine \u00fcberdurchschnittliche, leistungsgerechte Bezahlung sowie die Sicherheit eines seri\u00f6sen, gefunden und expandierenden Unternehmens mit \u00fcber 70 Mitarbeitern.<\/p>\n<!-- \/wp:paragraph -->\n\n<!-- wp:heading {\"level\":4} -->\n<h4>Aufgabengebiet:<\/h4>\n<!-- \/wp:heading -->\n\n<!-- wp:list -->\n<ul><li> Programmierung und Bedienung des OTC-Schwei\u00dfroboters<\/li><li>Herstellung von Serienteilen nach Zeichnung <\/li><li>\u00dcberpr\u00fcfung von Teilen anhand der Zeichnung<\/li><li>Qualit\u00e4tskontrolle der bearbeiteten Werkst\u00fccke <\/li><\/ul>\n<!-- \/wp:list -->\n\n<!-- wp:heading {\"level\":4} -->\n<h4>Voraussetzungen:<\/h4>\n<!-- \/wp:heading -->\n\n<!-- wp:list -->\n<ul><li>Fachausbildung und mehrj\u00e4hrige Berufserfahrung<\/li><li>flexibel, schnelle Auffassungsgabe <\/li><li>teamorientiert, zielstrebig, belastbar<\/li><li>Einsatzbereitschaft &amp; ggf. Schichtarbeit <\/li><li>Sicherer Umgang mit technischen Zeichnungen <\/li><li>Zuverl\u00e4ssigkeit und Qualit\u00e4tsbewusstsein <\/li><\/ul>\n<!-- \/wp:list --><\/div>\n<!-- \/wp:column -->\n\n<!-- wp:column {\"verticalAlignment\":\"center\",\"width\":\"33.33%\"} -->\n<div class=\"wp-block-column is-vertically-aligned-center\" style=\"flex-basis:33.33%\"><!-- wp:image {\"id\":352,\"sizeSlug\":\"full\",\"linkDestination\":\"none\"} -->\n<figure class=\"wp-block-image size-full\"><img loading=\"lazy\" decoding=\"async\" width=\"900\" height=\"1124\" src=\"https:\/\/www.feinwerk-group.com\/wp-content\/uploads\/2022\/03\/grohmueller-automation-roboterschweisstechnik-feinwerk-group-49_-2.jpg\" alt=\"\" class=\"wp-image-352\"\/><\/figure>\n<!-- \/wp:image --><\/div>\n<!-- \/wp:column --><\/div>\n<!-- \/wp:columns -->\n\n<!-- wp:html -->\n<a href=\"https:\/\/www.feinwerk-group.com\/wp-content\/uploads\/2022\/03\/Stellenanzeige-Roboterbediener.pdf\" class=\"button black\" target=\"_blank\" rel=\"noopener\">PDF Download<\/a>\n<!-- \/wp:html -->\n\n<!-- wp:paragraph -->\n<p><\/p>\n<!-- \/wp:paragraph --><\/div><div class=\"job\"><h3>Schwei\u00dfer m\/w\/d<\/h3><!-- wp:columns -->\n<div class=\"wp-block-columns\"><!-- wp:column {\"width\":\"66.66%\"} -->\n<div class=\"wp-block-column\" style=\"flex-basis:66.66%\"><!-- wp:heading {\"level\":4} -->\n<h4>Wir bieten:<\/h4>\n<!-- \/wp:heading -->\n\n<!-- wp:paragraph -->\n<p>Wir bieten eine \u00fcberdurchschnittliche, leistungsgerechte Bezahlung sowie die Sicherheit eines seri\u00f6sen, gefunden und expandierenden Unternehmens mit \u00fcber 70 Mitarbeitern.<\/p>\n<!-- \/wp:paragraph -->\n\n<!-- wp:heading {\"level\":4} -->\n<h4>Aufgabengebiet:<\/h4>\n<!-- \/wp:heading -->\n\n<!-- wp:list -->\n<ul><li>Vorbereiten von Werkst\u00fccken und Bauteilen nach Zeichnungen<\/li><li>Fachgerechte Ausf\u00fchrung und Endkontrolle der Bauteile<\/li><li>Durchf\u00fchrung von WIG\/MIG\/MAG-Schwei\u00dfarbeiten an Stahl\/CrNi- und Aluminiumbauteilen<\/li><\/ul>\n<!-- \/wp:list -->\n\n<!-- wp:heading {\"level\":4} -->\n<h4>Voraussetzungen:<\/h4>\n<!-- \/wp:heading -->\n\n<!-- wp:list -->\n<ul><li>Facharbeiterabschluss Metall und mehrj\u00e4hrige Berufserfahrung<\/li><li>G\u00fcltige WIG und\/oder MIG\/MAG-Schwei\u00dfer Zertifikat nach DIN EN 9606-1 und DIN EN 9606-2 w\u00fcnschenswert<\/li><li>teamorientiert, zielstrebig, belastbar, flexibel<\/li><li>Einsatzbereitschaft &amp; ggf. Schichtdienst<\/li><li>Sicherer Umgang mit technischen Zeichnungen<\/li><li>Zuverl\u00e4ssigkeit und Qualit\u00e4tsbewusstsein<\/li><\/ul>\n<!-- \/wp:list --><\/div>\n<!-- \/wp:column -->\n\n<!-- wp:column {\"width\":\"33.33%\"} -->\n<div class=\"wp-block-column\" style=\"flex-basis:33.33%\"><!-- wp:image {\"align\":\"center\",\"id\":353,\"sizeSlug\":\"full\",\"linkDestination\":\"none\"} -->\n<div class=\"wp-block-image\"><figure class=\"aligncenter size-full\"><img loading=\"lazy\" decoding=\"async\" width=\"908\" height=\"1134\" src=\"https:\/\/www.feinwerk-group.com\/wp-content\/uploads\/2022\/03\/Feinwerk_2019-09-09_035.jpg\" alt=\"\" class=\"wp-image-353\"\/><\/figure><\/div>\n<!-- \/wp:image --><\/div>\n<!-- \/wp:column --><\/div>\n<!-- \/wp:columns -->\n\n<!-- wp:html -->\n<a href=\"https:\/\/www.feinwerk-group.com\/wp-content\/uploads\/2022\/03\/Stellenanzeige-Schweisser.pdf\" class=\"button black\" target=\"_blank\" rel=\"noopener\">PDF Download<\/a>\n<!-- \/wp:html -->\n\n<!-- wp:paragraph -->\n<p><\/p>\n<!-- \/wp:paragraph --><\/div><\/div>[\/et_pb_code][\/et_pb_column][\/et_pb_row][\/et_pb_section]<\/p>\n","protected":false},"excerpt":{"rendered":"<p>[et_pb_section fb_built=&#8221;1&#8243; _builder_version=&#8221;4.16&#8243; background_image=&#8221;https:\/\/www.feinwerk-group.com\/wp-content\/uploads\/2021\/11\/csm_karriere-kautz-technologies_5a6753e10b.jpg&#8221; min_height=&#8221;400px&#8221; global_colors_info=&#8221;{}&#8221;][\/et_pb_section][et_pb_section fb_built=&#8221;1&#8243; _builder_version=&#8221;4.16&#8243; _module_preset=&#8221;default&#8221; background_enable_color=&#8221;off&#8221; background_image=&#8221;https:\/\/www.feinwerk-group.com\/wp-content\/uploads\/2021\/11\/kreuzstriche.png&#8221; background_size=&#8221;initial&#8221; background_repeat=&#8221;repeat&#8221; custom_padding=&#8221;||0px||false|false&#8221; global_colors_info=&#8221;{}&#8221;][et_pb_row _builder_version=&#8221;4.16&#8243; _module_preset=&#8221;default&#8221; min_height=&#8221;194.2px&#8221; custom_margin=&#8221;||||false|false&#8221; custom_padding=&#8221;||0px|||&#8221; global_colors_info=&#8221;{}&#8221;][et_pb_column type=&#8221;4_4&#8243; _builder_version=&#8221;4.16&#8243; _module_preset=&#8221;default&#8221; global_colors_info=&#8221;{}&#8221;][et_pb_text _builder_version=&#8221;4.16&#8243; _module_preset=&#8221;default&#8221; custom_margin=&#8221;||-1px|||&#8221; custom_padding=&#8221;||27px|||&#8221; global_colors_info=&#8221;{}&#8221;] Plan your career with us Are you looking for new challenges? With exciting daily tasks relating to plant engineering, steel mill technology, CNC machining &amp; [&hellip;]<\/p>\n","protected":false},"author":1,"featured_media":0,"parent":0,"menu_order":0,"comment_status":"closed","ping_status":"closed","template":"","meta":{"_acf_changed":false,"_et_pb_use_builder":"on","_et_pb_old_content":"","_et_gb_content_width":"","inline_featured_image":false,"footnotes":""},"class_list":["post-625","page","type-page","status-publish","hentry"],"acf":[],"tag_names":[],"category_names":[],"thumbnail":false,"_links":{"self":[{"href":"https:\/\/www.feinwerk-group.com\/en\/wp-json\/wp\/v2\/pages\/625","targetHints":{"allow":["GET"]}}],"collection":[{"href":"https:\/\/www.feinwerk-group.com\/en\/wp-json\/wp\/v2\/pages"}],"about":[{"href":"https:\/\/www.feinwerk-group.com\/en\/wp-json\/wp\/v2\/types\/page"}],"author":[{"embeddable":true,"href":"https:\/\/www.feinwerk-group.com\/en\/wp-json\/wp\/v2\/users\/1"}],"replies":[{"embeddable":true,"href":"https:\/\/www.feinwerk-group.com\/en\/wp-json\/wp\/v2\/comments?post=625"}],"version-history":[{"count":3,"href":"https:\/\/www.feinwerk-group.com\/en\/wp-json\/wp\/v2\/pages\/625\/revisions"}],"predecessor-version":[{"id":662,"href":"https:\/\/www.feinwerk-group.com\/en\/wp-json\/wp\/v2\/pages\/625\/revisions\/662"}],"wp:attachment":[{"href":"https:\/\/www.feinwerk-group.com\/en\/wp-json\/wp\/v2\/media?parent=625"}],"curies":[{"name":"wp","href":"https:\/\/api.w.org\/{rel}","templated":true}]}}